{"id":3171,"date":"2021-11-06T14:21:14","date_gmt":"2021-11-06T17:21:14","guid":{"rendered":"http:\/\/genporc.com\/genetica-porcina\/?page_id=3171"},"modified":"2023-09-07T16:51:07","modified_gmt":"2023-09-07T19:51:07","slug":"genporc-principal","status":"publish","type":"page","link":"http:\/\/genporc.com\/genetica-porcina\/","title":{"rendered":"La Empresa"},"content":{"rendered":"<p>[et_pb_section fb_built=\u00bb1&#8243; admin_label=\u00bbSection\u00bb _builder_version=\u00bb4.12.0&#8243; _module_preset=\u00bbdefault\u00bb background_color=\u00bb#FFFFFF\u00bb z_index=\u00bb500&#8243; min_height=\u00bb155px\u00bb height=\u00bb100px\u00bb custom_margin=\u00bb0px||0px||false|false\u00bb custom_padding=\u00bb0px||0px||false|false\u00bb global_module=\u00bb3401&#8243; saved_tabs=\u00bball\u00bb locked=\u00bboff\u00bb global_colors_info=\u00bb{}\u00bb][et_pb_row column_structure=\u00bb1_2,1_2&#8243; _builder_version=\u00bb4.12.0&#8243; _module_preset=\u00bbdefault\u00bb width=\u00bb100%\u00bb max_width=\u00bb100%\u00bb module_alignment=\u00bbcenter\u00bb global_colors_info=\u00bb{}\u00bb][et_pb_column type=\u00bb1_2&#8243; _builder_version=\u00bb4.12.0&#8243; _module_preset=\u00bbdefault\u00bb custom_css_main_element=\u00bbwidth: 68% !important;\u00bb global_colors_info=\u00bb{}\u00bb][et_pb_menu submenu_direction=\u00bbdownwards\u00bb active_link_color=\u00bb#33b3d8&#8243; dropdown_menu_bg_color=\u00bb#1e1e1e\u00bb dropdown_menu_line_color=\u00bb#B5B5B5&#8243; dropdown_menu_text_color=\u00bb#B5B5B5&#8243; dropdown_menu_active_link_color=\u00bb#B5B5B5&#8243; mobile_menu_bg_color=\u00bb#303030&#8243; mobile_menu_text_color=\u00bb#B5B5B5&#8243; logo=\u00bbhttp:\/\/genporc.com\/genetica-porcina\/wp-content\/uploads\/2021\/12\/logo_s.jpg\u00bb logo_url=\u00bbhttp:\/\/genporc.com\/genetica-porcina\/\u00bb logo_width=\u00bb120px\u00bb menu_icon_color=\u00bb#0A0A0A\u00bb menu_icon_font_size=\u00bb36px\u00bb _builder_version=\u00bb4.12.0&#8243; _module_preset=\u00bbdefault\u00bb menu_text_color=\u00bb#0A0A0A\u00bb menu_font_size=\u00bb16px\u00bb z_index=\u00bb154&#8243; text_orientation=\u00bbcenter\u00bb width=\u00bb100%\u00bb max_width=\u00bb100%\u00bb custom_margin_tablet=\u00bb\u00bb custom_margin_phone=\u00bb||||false|false\u00bb custom_margin_last_edited=\u00bbon|phone\u00bb custom_padding=\u00bb25px|50px|20px|50px|false|true\u00bb custom_padding_tablet=\u00bb\u00bb custom_padding_phone=\u00bb25px||||false|false\u00bb custom_padding_last_edited=\u00bbon|phone\u00bb custom_css_dropdown_container=\u00bbmargin-top: 0px !important;\u00bb global_colors_info=\u00bb{}\u00bb menu_text_color__hover_enabled=\u00bbon|desktop\u00bb menu_text_color__hover=\u00bb#B5B5B5&#8243;][\/et_pb_menu][\/et_pb_column][et_pb_column type=\u00bb1_2&#8243; _builder_version=\u00bb4.12.0&#8243; _module_preset=\u00bbdefault\u00bb custom_css_main_element=\u00bbwidth: 25% !important;\u00bb global_colors_info=\u00bb{}\u00bb][et_pb_image src=\u00bbhttp:\/\/genporc.com\/genetica-porcina\/wp-content\/uploads\/2022\/01\/genporc-canadian2.jpg\u00bb title_text=\u00bbgenporc-canadian\u00bb _builder_version=\u00bb4.12.0&#8243; _module_preset=\u00bbdefault\u00bb background_color=\u00bbRGBA(0,0,0,0)\u00bb width=\u00bb100%\u00bb custom_padding=\u00bb45px||||false|false\u00bb locked=\u00bboff\u00bb global_colors_info=\u00bb{}\u00bb][\/et_pb_image][\/et_pb_column][\/et_pb_row][\/et_pb_section][et_pb_section fb_built=\u00bb1&#8243; admin_label=\u00bbSecci\u00f3n\u00bb _builder_version=\u00bb4.12.0&#8243; _module_preset=\u00bbdefault\u00bb background_color=\u00bb#000000&#8243; custom_margin=\u00bb0px||0px||false|false\u00bb custom_padding=\u00bb0px||0px||false|false\u00bb bottom_divider_style=\u00bbwave2&#8243; bottom_divider_color=\u00bb#000000&#8243; bottom_divider_height=\u00bb250px\u00bb bottom_divider_arrangement=\u00bbabove_content\u00bb bottom_divider_height_tablet=\u00bb250px\u00bb bottom_divider_height_phone=\u00bb80px\u00bb bottom_divider_height_last_edited=\u00bbon|phone\u00bb global_colors_info=\u00bb{}\u00bb][et_pb_row admin_label=\u00bbFila\u00bb _builder_version=\u00bb4.12.0&#8243; _module_preset=\u00bbdefault\u00bb custom_margin=\u00bb0px||0px||false|false\u00bb custom_padding=\u00bb0px||0px||false|false\u00bb global_colors_info=\u00bb{}\u00bb][et_pb_column type=\u00bb4_4&#8243; _builder_version=\u00bb4.12.0&#8243; _module_preset=\u00bbdefault\u00bb global_colors_info=\u00bb{}\u00bb][et_pb_nextend_smart_slider_3 slider=\u00bb2&#8243; _builder_version=\u00bb4.12.0&#8243; _module_preset=\u00bbdefault\u00bb global_colors_info=\u00bb{}\u00bb hover_enabled=\u00bb0&#8243; sticky_enabled=\u00bb0&#8243;][\/et_pb_nextend_smart_slider_3][\/et_pb_column][\/et_pb_row][\/et_pb_section][et_pb_section fb_built=\u00bb1&#8243; _builder_version=\u00bb4.12.0&#8243; _module_preset=\u00bbdefault\u00bb background_color=\u00bb#000000&#8243; custom_padding=\u00bb0px||0px||false|false\u00bb global_colors_info=\u00bb{%22gcid-58cf2abb-b44d-4fc2-ba4b-a2187269672f%22:%91%22background_color%22%93}\u00bb][et_pb_row _builder_version=\u00bb4.12.0&#8243; _module_preset=\u00bbdefault\u00bb custom_padding=\u00bb0px||0px||false|false\u00bb global_colors_info=\u00bb{}\u00bb][et_pb_column type=\u00bb4_4&#8243; _builder_version=\u00bb4.12.0&#8243; _module_preset=\u00bbdefault\u00bb global_colors_info=\u00bb{}\u00bb][et_pb_text _builder_version=\u00bb4.12.0&#8243; _module_preset=\u00bbdefault\u00bb header_font=\u00bb|300|||||||\u00bb header_text_align=\u00bbcenter\u00bb header_text_color=\u00bb#ffffff\u00bb header_font_size=\u00bb41px\u00bb header_2_text_color=\u00bb#E60A6B\u00bb global_colors_info=\u00bb{}\u00bb]<\/p>\n<h1>Nuestra Empresa<\/h1>\n<p>[\/et_pb_text][et_pb_image src=\u00bbhttp:\/\/genporc.com\/genetica-porcina\/wp-content\/uploads\/2021\/12\/flecha.png\u00bb title_text=\u00bbflecha\u00bb url=\u00bb#start\u00bb align=\u00bbcenter\u00bb _builder_version=\u00bb4.12.0&#8243; _module_preset=\u00bbdefault\u00bb transform_translate_linked__hover=\u00bboff\u00bb global_colors_info=\u00bb{}\u00bb transform_styles__hover_enabled=\u00bbon|desktop\u00bb transform_scale__hover_enabled=\u00bbon|hover\u00bb transform_translate__hover_enabled=\u00bbon|desktop\u00bb transform_rotate__hover_enabled=\u00bbon|desktop\u00bb transform_skew__hover_enabled=\u00bbon|desktop\u00bb transform_origin__hover_enabled=\u00bbon|desktop\u00bb transform_translate__hover=\u00bb0px|8px\u00bb][\/et_pb_image][\/et_pb_column][\/et_pb_row][\/et_pb_section][et_pb_section fb_built=\u00bb1&#8243; _builder_version=\u00bb4.12.0&#8243; _module_preset=\u00bbdefault\u00bb background_color=\u00bb#000000&#8243; custom_margin=\u00bb0px||0px||false|false\u00bb custom_padding=\u00bb||||false|false\u00bb global_colors_info=\u00bb{}\u00bb][et_pb_row column_structure=\u00bb1_2,1_2&#8243; make_equal=\u00bbon\u00bb admin_label=\u00bbFila\u00bb _builder_version=\u00bb4.12.0&#8243; _module_preset=\u00bbdefault\u00bb custom_margin=\u00bb0px||0px||false|false\u00bb custom_padding=\u00bb0px||0px||false|false\u00bb global_colors_info=\u00bb{}\u00bb][et_pb_column type=\u00bb1_2&#8243; _builder_version=\u00bb4.12.0&#8243; _module_preset=\u00bbdefault\u00bb background_color=\u00bb#262626&#8243; custom_padding=\u00bb100px||100px||false|false\u00bb custom_css_main_element=\u00bbdisplay: flex;||flex-direction: column;||justify-content: center;||height: 400px;||margin-top: 10px;||margin-bottom: 10px;||margin-right: 20px;||margin-left: 20px;\u00bb global_colors_info=\u00bb{}\u00bb][et_pb_text _builder_version=\u00bb4.12.0&#8243; _module_preset=\u00bbdefault\u00bb text_text_color=\u00bb#ffffff\u00bb global_colors_info=\u00bb{}\u00bb]<\/p>\n<p style=\"text-align: center;\"><strong>IMPULSAMOS A NUESTROS<\/strong><br \/><strong>CLIENTES A PRODUCIR<\/strong><\/p>\n<p style=\"text-align: center;\"><img loading=\"lazy\" decoding=\"async\" src=\"http:\/\/genporc.com\/genetica-porcina\/wp-content\/uploads\/2021\/12\/ico-madres.jpg\" width=\"212\" height=\"211\" alt=\"\" class=\"wp-image-3376 alignnone size-full\" srcset=\"http:\/\/genporc.com\/genetica-porcina\/wp-content\/uploads\/2021\/12\/ico-madres.jpg 212w, http:\/\/genporc.com\/genetica-porcina\/wp-content\/uploads\/2021\/12\/ico-madres-150x150.jpg 150w\" sizes=\"auto, (max-width: 212px) 100vw, 212px\" \/><\/p>\n<p style=\"text-align: center;\"><strong>DE LA MEJOR CARNE DE<\/strong><br \/><strong>CERDO DEL MUNDO<\/strong><\/p>\n<p>[\/et_pb_text][\/et_pb_column][et_pb_column type=\u00bb1_2&#8243; _builder_version=\u00bb4.12.0&#8243; _module_preset=\u00bbdefault\u00bb background_color=\u00bbRGBA(0,0,0,0)\u00bb background_image=\u00bbhttp:\/\/genporc.com\/genetica-porcina\/wp-content\/uploads\/2021\/12\/cerdo-1.jpg\u00bb custom_padding=\u00bb||||false|false\u00bb custom_css_main_element=\u00bbmargin-top: 10px;||margin-bottom: 10px;||margin-right: 20px;||margin-left: 20px;\u00bb global_colors_info=\u00bb{}\u00bb][et_pb_text _builder_version=\u00bb4.12.0&#8243; _module_preset=\u00bbdefault\u00bb background_enable_color=\u00bboff\u00bb background_enable_image=\u00bboff\u00bb min_height=\u00bb400px\u00bb custom_margin=\u00bb||||false|false\u00bb global_colors_info=\u00bb{}\u00bb custom_padding__hover_enabled=\u00bboff|desktop\u00bb][\/et_pb_text][\/et_pb_column][\/et_pb_row][et_pb_row column_structure=\u00bb1_2,1_2&#8243; make_equal=\u00bbon\u00bb _builder_version=\u00bb4.12.0&#8243; _module_preset=\u00bbdefault\u00bb min_height=\u00bb450px\u00bb height_tablet=\u00bb\u00bb height_phone=\u00bb\u00bb height_last_edited=\u00bbon|phone\u00bb custom_margin=\u00bb0px||0px||false|false\u00bb custom_padding=\u00bb0px||0px||false|false\u00bb hover_enabled=\u00bb0&#8243; global_colors_info=\u00bb{}\u00bb sticky_enabled=\u00bb0&#8243;][et_pb_column type=\u00bb1_2&#8243; _builder_version=\u00bb4.12.0&#8243; _module_preset=\u00bbdefault\u00bb background_color=\u00bbRGBA(0,0,0,0)\u00bb background_image=\u00bbhttp:\/\/genporc.com\/genetica-porcina\/wp-content\/uploads\/2023\/09\/pilares.jpg\u00bb hover_enabled=\u00bb0&#8243; custom_css_main_element=\u00bbmargin-top: 10px;||margin-bottom: 10px;||margin-right: 20px;||margin-left: 20px;\u00bb global_colors_info=\u00bb{}\u00bb custom_css_main_element_last_edited=\u00bbon|phone\u00bb custom_css_main_element_phone=\u00bb||\u00bb custom_css_main_element_tablet=\u00bbmargin-top: 10px;||margin-bottom: 10px;||margin-right: 20px;||margin-left: 20px;\u00bb title_text=\u00bbpilares\u00bb sticky_enabled=\u00bb0&#8243;][et_pb_text _builder_version=\u00bb4.12.0&#8243; _module_preset=\u00bbdefault\u00bb background_enable_image=\u00bboff\u00bb min_height=\u00bb400px\u00bb custom_margin=\u00bb||||false|false\u00bb hover_enabled=\u00bb0&#8243; global_colors_info=\u00bb{}\u00bb sticky_enabled=\u00bb0&#8243;][\/et_pb_text][\/et_pb_column][et_pb_column type=\u00bb1_2&#8243; _builder_version=\u00bb4.12.0&#8243; _module_preset=\u00bbdefault\u00bb background_color=\u00bb#33b3d3&#8243; custom_padding=\u00bb20px|16px|0px|16px|false|false\u00bb custom_padding_tablet=\u00bb20px|60px|20px|60px|false|false\u00bb custom_padding_phone=\u00bb10px|20px|10px|20px|false|false\u00bb custom_padding_last_edited=\u00bbon|desktop\u00bb custom_css_main_element=\u00bbdisplay: flex;||flex-direction: column;||justify-content: center;||height: 450px;||margin-top: 10px;||margin-bottom: 10px;||margin-right: 20px;||margin-left: 20px;\u00bb global_colors_info=\u00bb{}\u00bb custom_css_main_element_last_edited=\u00bbon|phone\u00bb custom_css_main_element_phone=\u00bbdisplay: flex;||flex-direction: column;||justify-content: center;||height: 750px;||margin-top: 10px;||margin-bottom: 10px;||margin-right: 20px;||margin-left: 20px;\u00bb custom_css_main_element_tablet=\u00bbdisplay: flex;||flex-direction: column;||justify-content: center;||height: 400px;||margin-top: 10px;||margin-bottom: 10px;||margin-right: 20px;||margin-left: 20px;\u00bb][et_pb_text _builder_version=\u00bb4.12.0&#8243; _module_preset=\u00bbdefault\u00bb text_text_color=\u00bb#ffffff\u00bb custom_margin_tablet=\u00bb\u00bb custom_margin_phone=\u00bb200px||||false|false\u00bb custom_margin_last_edited=\u00bbon|desktop\u00bb custom_padding=\u00bb0px||||false|false\u00bb text_font_size_last_edited=\u00bboff|desktop\u00bb header_2_font_size_tablet=\u00bb\u00bb header_2_font_size_phone=\u00bb20px\u00bb header_2_font_size_last_edited=\u00bbon|tablet\u00bb global_colors_info=\u00bb{}\u00bb]<\/p>\n<h2 style=\"text-align: left;\"><strong>NUESTROS PILARES<\/strong><\/h2>\n<p>[\/et_pb_text][et_pb_blurb image=\u00bbhttp:\/\/genporc.com\/genetica-porcina\/wp-content\/uploads\/2021\/12\/ico01.jpg\u00bb icon_placement=\u00bbleft\u00bb image_max_width=\u00bb60px\u00bb _builder_version=\u00bb4.12.0&#8243; _module_preset=\u00bbdefault\u00bb background_layout=\u00bbdark\u00bb custom_margin=\u00bb||||false|false\u00bb custom_padding=\u00bb10px||10px||false|false\u00bb global_colors_info=\u00bb{}\u00bb]<\/p>\n<p><span style=\"color: #000000;\">La<\/span> <strong>importaci\u00f3n de genes de punta<\/strong><span style=\"color: #000000;\"> de la empresa global<\/span> <strong>Genesus<\/strong>,<span style=\"color: #000000;\"> obtenidos mediante<\/span> <strong>selecci\u00f3n gen\u00f3mica<\/strong>,<span style=\"color: #000000;\"> y su aplicaci\u00f3n a nuestro programa gen\u00e9tico nos permite una evoluci\u00f3n permanente basada en la identificaci\u00f3n de individuos gen\u00e9ticamente superiores.<\/span><\/p>\n<p>[\/et_pb_blurb][et_pb_blurb image=\u00bbhttp:\/\/genporc.com\/genetica-porcina\/wp-content\/uploads\/2021\/12\/ico03.jpg\u00bb icon_placement=\u00bbleft\u00bb image_max_width=\u00bb60px\u00bb _builder_version=\u00bb4.12.0&#8243; _module_preset=\u00bbdefault\u00bb background_layout=\u00bbdark\u00bb custom_margin=\u00bb||||false|false\u00bb custom_padding=\u00bb10px||10px||false|false\u00bb global_colors_info=\u00bb{}\u00bb]<\/p>\n<p><span style=\"color: #333333;\">La<\/span> <strong>optimizaci\u00f3n del status sanitario<\/strong><span style=\"color: #333333;\"> ante la amenaza de enfermedades globales, mediante nuestro n\u00facleo cerrado para animales en pie.<\/span><\/p>\n<p>[\/et_pb_blurb][et_pb_blurb image=\u00bbhttp:\/\/genporc.com\/genetica-porcina\/wp-content\/uploads\/2021\/12\/ico02.jpg\u00bb icon_placement=\u00bbleft\u00bb image_max_width=\u00bb60px\u00bb _builder_version=\u00bb4.12.0&#8243; _module_preset=\u00bbdefault\u00bb background_layout=\u00bbdark\u00bb custom_margin=\u00bb||||false|false\u00bb custom_margin_tablet=\u00bb||||false|false\u00bb custom_margin_phone=\u00bb||200px||false|false\u00bb custom_margin_last_edited=\u00bbon|phone\u00bb custom_padding=\u00bb10px||10px||false|false\u00bb global_colors_info=\u00bb{}\u00bb]<\/p>\n<p><strong>Investigaci\u00f3n y desarrollo constantes<\/strong><span style=\"color: #333333;\"> en gen\u00e9tica y reproducci\u00f3n porcina, por medio de convenios y colaboraciones con universidades y empresas de gran prestigio nacional e internacional. <\/span><\/p>\n<p>[\/et_pb_blurb][\/et_pb_column][\/et_pb_row][\/et_pb_section][et_pb_section fb_built=\u00bb1&#8243; _builder_version=\u00bb4.12.0&#8243; _module_preset=\u00bbdefault\u00bb background_color=\u00bb#000000&#8243; custom_padding=\u00bb||||false|false\u00bb global_colors_info=\u00bb{%22gcid-58cf2abb-b44d-4fc2-ba4b-a2187269672f%22:%91%22background_color%22%93}\u00bb][et_pb_row admin_label=\u00bbFila\u00bb _builder_version=\u00bb4.12.0&#8243; _module_preset=\u00bbdefault\u00bb custom_padding=\u00bb0px||0px||false|false\u00bb global_colors_info=\u00bb{}\u00bb][et_pb_column type=\u00bb4_4&#8243; admin_label=\u00bbColumna\u00bb _builder_version=\u00bb4.12.0&#8243; _module_preset=\u00bbdefault\u00bb global_colors_info=\u00bb{}\u00bb][et_pb_text _builder_version=\u00bb4.12.0&#8243; _module_preset=\u00bbdefault\u00bb header_font=\u00bb||||||||\u00bb header_text_align=\u00bbcenter\u00bb header_text_color=\u00bb#ffffff\u00bb header_font_size=\u00bb41px\u00bb header_2_text_color=\u00bb#E60A6B\u00bb header_5_font=\u00bb||||||||\u00bb header_5_text_align=\u00bbcenter\u00bb header_5_text_color=\u00bb#10d6e8&#8243; header_5_font_size=\u00bb22px\u00bb hover_enabled=\u00bb0&#8243; global_colors_info=\u00bb{}\u00bb text_line_height=\u00bb1.4em\u00bb sticky_enabled=\u00bb0&#8243;]<\/p>\n<h5>Dirigimos todos nuestros esfuerzos a satisfacer la demanda de un consumidor cada vez m\u00e1s exigente en cuanto a calidad de carne, bienestar animal y producci\u00f3n sustentable.<\/h5>\n<p>[\/et_pb_text][\/et_pb_column][\/et_pb_row][\/et_pb_section][et_pb_section fb_built=\u00bb1&#8243; prev_background_color=\u00bb#000000&#8243; admin_label=\u00bbSecci\u00f3n\u00bb _builder_version=\u00bb4.12.0&#8243; _module_preset=\u00bbdefault\u00bb background_color=\u00bb#262626&#8243; custom_margin=\u00bb0px|0px|0px|0px|false|false\u00bb custom_padding=\u00bb0px|0px|0px|0px|false|false\u00bb top_divider_style=\u00bbwave2&#8243; top_divider_height=\u00bb200px\u00bb top_divider_repeat=\u00bb2x\u00bb top_divider_height_tablet=\u00bb200px\u00bb top_divider_height_phone=\u00bb80px\u00bb top_divider_height_last_edited=\u00bbon|phone\u00bb global_module=\u00bb3402&#8243; saved_tabs=\u00bball\u00bb locked=\u00bboff\u00bb global_colors_info=\u00bb{}\u00bb][et_pb_row column_structure=\u00bb1_4,1_4,1_4,1_4&#8243; _builder_version=\u00bb4.12.0&#8243; _module_preset=\u00bbdefault\u00bb width=\u00bb100%\u00bb max_width=\u00bb90%\u00bb custom_padding=\u00bb150px||||false|false\u00bb global_colors_info=\u00bb{}\u00bb][et_pb_column type=\u00bb1_4&#8243; _builder_version=\u00bb4.12.0&#8243; _module_preset=\u00bbdefault\u00bb custom_css_main_element=\u00bbwidth: 30% !important;\u00bb global_colors_info=\u00bb{}\u00bb custom_css_main_element_last_edited=\u00bbon|phone\u00bb custom_css_main_element_phone=\u00bbwidth: 100% !important;\u00bb custom_css_main_element_tablet=\u00bbwidth: 30% !important;\u00bb][et_pb_image src=\u00bbhttp:\/\/genporc.com\/genetica-porcina\/wp-content\/uploads\/2023\/09\/logo_bl.jpg\u00bb title_text=\u00bblogo_bl\u00bb _builder_version=\u00bb4.12.0&#8243; _module_preset=\u00bbdefault\u00bb custom_margin=\u00bb20px|20px|20px|20px|false|false\u00bb global_colors_info=\u00bb{}\u00bb][\/et_pb_image][et_pb_image src=\u00bbhttp:\/\/genporc.com\/genetica-porcina\/wp-content\/uploads\/2022\/01\/logo-can.jpg\u00bb title_text=\u00bblogo-can\u00bb _builder_version=\u00bb4.12.0&#8243; _module_preset=\u00bbdefault\u00bb custom_margin=\u00bb32px|20px|20px|20px|false|false\u00bb global_colors_info=\u00bb{}\u00bb][\/et_pb_image][\/et_pb_column][et_pb_column type=\u00bb1_4&#8243; _builder_version=\u00bb4.12.0&#8243; _module_preset=\u00bbdefault\u00bb custom_css_main_element=\u00bbwidth: 15% !important;\u00bb global_colors_info=\u00bb{}\u00bb custom_css_main_element_last_edited=\u00bbon|phone\u00bb custom_css_main_element_phone=\u00bbwidth: 100% !important;\u00bb custom_css_main_element_tablet=\u00bbwidth: 15% !important;\u00bb][\/et_pb_column][et_pb_column type=\u00bb1_4&#8243; _builder_version=\u00bb4.12.0&#8243; _module_preset=\u00bbdefault\u00bb custom_css_main_element=\u00bbwidth: 30% !important;\u00bb global_colors_info=\u00bb{}\u00bb custom_css_main_element_last_edited=\u00bbon|phone\u00bb custom_css_main_element_phone=\u00bbwidth: 100% !important;\u00bb custom_css_main_element_tablet=\u00bbwidth: 30% !important;\u00bb][et_pb_text _builder_version=\u00bb4.12.0&#8243; _module_preset=\u00bbdefault\u00bb text_text_color=\u00bb#ffffff\u00bb header_3_text_color=\u00bb#09eaea\u00bb custom_padding=\u00bb20px|20px|20px|20px|false|false\u00bb global_colors_info=\u00bb{}\u00bb]<\/p>\n<h3>\u2022 OFICINA CENTRAL<\/h3>\n<p>Ruta Nac. 8 km 112,5<br \/>San Antonio de Areco, Buenos Aires, Arg.<br \/>02326 454832<\/p>\n<p>[\/et_pb_text][et_pb_text _builder_version=\u00bb4.12.0&#8243; _module_preset=\u00bbdefault\u00bb text_text_color=\u00bb#ffffff\u00bb header_3_text_color=\u00bb#09eaea\u00bb custom_padding=\u00bb20px|20px|20px|20px|false|false\u00bb global_colors_info=\u00bb{}\u00bb]<\/p>\n<h3>\u2022 M.V. GUILLERMO LLOVERAS<\/h3>\n<p>SOCIO GERENTE<br \/>011 15 3830 4515<br \/>glloveras@genporc.com<\/p>\n<p>[\/et_pb_text][et_pb_text _builder_version=\u00bb4.12.0&#8243; _module_preset=\u00bbdefault\u00bb text_text_color=\u00bb#ffffff\u00bb header_3_text_color=\u00bb#09eaea\u00bb custom_padding=\u00bb20px|20px|20px|20px|false|false\u00bb global_colors_info=\u00bb{}\u00bb]<\/p>\n<h3>\u2022 MAURO MANCINI<\/h3>\n<p>DIRECTOR COMERCIAL<br \/>02325 15 513208<br \/>mmancini@genporc.com<\/p>\n<p>[\/et_pb_text][\/et_pb_column][et_pb_column type=\u00bb1_4&#8243; admin_label=\u00bbColumna\u00bb _builder_version=\u00bb4.12.0&#8243; _module_preset=\u00bbdefault\u00bb custom_css_main_element=\u00bbwidth: 25% !important;\u00bb global_colors_info=\u00bb{}\u00bb custom_css_main_element_last_edited=\u00bbon|phone\u00bb custom_css_main_element_phone=\u00bbwidth: 100% !important;\u00bb custom_css_main_element_tablet=\u00bbwidth: 25% !important;\u00bb][et_pb_code _builder_version=\u00bb4.12.0&#8243; _module_preset=\u00bbdefault\u00bb global_colors_info=\u00bb{}\u00bb]<ul class=\"social-icons-lists social-icons-greyscale icons-background-rounded\">\n\n\t\t\t\n\t\t\t\t<li class=\"social-icons-list-item\">\n\t\t\t\t\t<a href=\"https:\/\/www.facebook.com\/Genporc\" target=\"_blank\"  class=\"social-icon\">\n\t\t\t\t\t\t<span class=\"socicon socicon-facebook\" style=\"padding: 10px; font-size: 16px; background-color: #555\"><\/span>\n\n\t\t\t\t\t\t\t\t\t\t\t<\/a>\n\t\t\t\t<\/li>\n\n\t\t\t\n\t\t\t\t<li class=\"social-icons-list-item\">\n\t\t\t\t\t<a href=\"https:\/\/www.linkedin.com\/company\/genporc\" target=\"_blank\"  class=\"social-icon\">\n\t\t\t\t\t\t<span class=\"socicon socicon-linkedin\" style=\"padding: 10px; font-size: 16px; background-color: #555\"><\/span>\n\n\t\t\t\t\t\t\t\t\t\t\t<\/a>\n\t\t\t\t<\/li>\n\n\t\t\t\n\t\t\t\t<li class=\"social-icons-list-item\">\n\t\t\t\t\t<a href=\"https:\/\/www.instagram.com\/genporc\/\" target=\"_blank\"  class=\"social-icon\">\n\t\t\t\t\t\t<span class=\"socicon socicon-instagram\" style=\"padding: 10px; font-size: 16px; background-color: #555\"><\/span>\n\n\t\t\t\t\t\t\t\t\t\t\t<\/a>\n\t\t\t\t<\/li>\n\n\t\t\t\n\t\t\t\t<li class=\"social-icons-list-item\">\n\t\t\t\t\t<a href=\"https:\/\/web.whatsapp.com\/542325513208\" target=\"_blank\"  class=\"social-icon\">\n\t\t\t\t\t\t<span class=\"socicon socicon-whatsapp\" style=\"padding: 10px; font-size: 16px; background-color: #555\"><\/span>\n\n\t\t\t\t\t\t\t\t\t\t\t<\/a>\n\t\t\t\t<\/li>\n\n\t\t\t\n\t\t<\/ul>[\/et_pb_code][\/et_pb_column][\/et_pb_row][\/et_pb_section]<\/p>\n","protected":false},"excerpt":{"rendered":"<p>Nuestra EmpresaIMPULSAMOS A NUESTROSCLIENTES A PRODUCIR DE LA MEJOR CARNE DECERDO DEL MUNDONUESTROS PILARESLa importaci\u00f3n de genes de punta de la empresa global Genesus, obtenidos mediante selecci\u00f3n gen\u00f3mica, y su aplicaci\u00f3n a nuestro programa gen\u00e9tico nos permite una evoluci\u00f3n permanente basada en la identificaci\u00f3n de individuos gen\u00e9ticamente superiores.La optimizaci\u00f3n del status sanitario ante la amenaza [&hellip;]<\/p>\n","protected":false},"author":3,"featured_media":0,"parent":0,"menu_order":0,"comment_status":"closed","ping_status":"closed","template":"page-template-blank.php","meta":{"_et_pb_use_builder":"on","_et_pb_old_content":"","_et_gb_content_width":"","_joinchat":[],"footnotes":""},"class_list":["post-3171","page","type-page","status-publish","hentry"],"_links":{"self":[{"href":"http:\/\/genporc.com\/genetica-porcina\/wp-json\/wp\/v2\/pages\/3171","targetHints":{"allow":["GET"]}}],"collection":[{"href":"http:\/\/genporc.com\/genetica-porcina\/wp-json\/wp\/v2\/pages"}],"about":[{"href":"http:\/\/genporc.com\/genetica-porcina\/wp-json\/wp\/v2\/types\/page"}],"author":[{"embeddable":true,"href":"http:\/\/genporc.com\/genetica-porcina\/wp-json\/wp\/v2\/users\/3"}],"replies":[{"embeddable":true,"href":"http:\/\/genporc.com\/genetica-porcina\/wp-json\/wp\/v2\/comments?post=3171"}],"version-history":[{"count":126,"href":"http:\/\/genporc.com\/genetica-porcina\/wp-json\/wp\/v2\/pages\/3171\/revisions"}],"predecessor-version":[{"id":4225,"href":"http:\/\/genporc.com\/genetica-porcina\/wp-json\/wp\/v2\/pages\/3171\/revisions\/4225"}],"wp:attachment":[{"href":"http:\/\/genporc.com\/genetica-porcina\/wp-json\/wp\/v2\/media?parent=3171"}],"curies":[{"name":"wp","href":"https:\/\/api.w.org\/{rel}","templated":true}]}}